{"id":16965,"date":"2025-07-17T21:10:18","date_gmt":"2025-07-17T21:10:18","guid":{"rendered":"https:\/\/goodonecashews.com\/?page_id=16965"},"modified":"2025-07-17T21:13:54","modified_gmt":"2025-07-17T21:13:54","slug":"confirmacao-de-inscricao-na-asi-2025","status":"publish","type":"page","link":"https:\/\/goodonecashews.com\/pt\/asi-2025-sign-up\/asi-2025-sign-up-confirmation\/","title":{"rendered":"Confirma\u00e7\u00e3o de inscri\u00e7\u00e3o na ASI 2025"},"content":{"rendered":"<div data-elementor-type=\"wp-page\" data-elementor-id=\"16965\" class=\"elementor elementor-16965\" data-elementor-post-type=\"page\">\n\t\t\t\t\t\t<section data-particle_enable=\"false\" data-particle-mobile-disabled=\"false\" class=\"elementor-section elementor-top-section elementor-element elementor-element-5d5c043 elementor-section-full_width elementor-section-height-min-height elementor-section-height-default elementor-section-items-middle\" data-id=\"5d5c043\" data-element_type=\"section\" data-e-type=\"section\" data-settings=\"{&quot;background_background&quot;:&quot;classic&quot;}\">\n\t\t\t\t\t\t<div class=\"elementor-container elementor-column-gap-default\">\n\t\t\t\t\t<div class=\"elementor-column elementor-col-25 elementor-top-column elementor-element elementor-element-a7d64e4 elementor-hidden-mobile\" data-id=\"a7d64e4\" data-element_type=\"column\" data-e-type=\"column\" data-settings=\"{&quot;background_background&quot;:&quot;classic&quot;}\">\n\t\t\t<div class=\"elementor-widget-wrap elementor-element-populated\">\n\t\t\t\t\t\t<div class=\"elementor-element elementor-element-f4d1861 elementor-widget elementor-widget-spacer\" data-id=\"f4d1861\" data-element_type=\"widget\" data-e-type=\"widget\" data-widget_type=\"spacer.default\">\n\t\t\t\t<div class=\"elementor-widget-container\">\n\t\t\t\t\t\t\t<div class=\"elementor-spacer\">\n\t\t\t<div class=\"elementor-spacer-inner\"><\/div>\n\t\t<\/div>\n\t\t\t\t\t\t<\/div>\n\t\t\t\t<\/div>\n\t\t\t\t\t<\/div>\n\t\t<\/div>\n\t\t\t\t<div class=\"elementor-column elementor-col-25 elementor-top-column elementor-element elementor-element-755f224\" data-id=\"755f224\" data-element_type=\"column\" data-e-type=\"column\" data-settings=\"{&quot;background_background&quot;:&quot;classic&quot;}\">\n\t\t\t<div class=\"elementor-widget-wrap elementor-element-populated\">\n\t\t\t\t\t\t<div class=\"elementor-element elementor-element-f61b10e elementor-widget elementor-widget-spacer\" data-id=\"f61b10e\" data-element_type=\"widget\" data-e-type=\"widget\" data-widget_type=\"spacer.default\">\n\t\t\t\t<div class=\"elementor-widget-container\">\n\t\t\t\t\t\t\t<div class=\"elementor-spacer\">\n\t\t\t<div class=\"elementor-spacer-inner\"><\/div>\n\t\t<\/div>\n\t\t\t\t\t\t<\/div>\n\t\t\t\t<\/div>\n\t\t\t\t\t<\/div>\n\t\t<\/div>\n\t\t\t\t<div class=\"elementor-column elementor-col-25 elementor-top-column elementor-element elementor-element-759de9e elementor-hidden-mobile\" data-id=\"759de9e\" data-element_type=\"column\" data-e-type=\"column\" data-settings=\"{&quot;background_background&quot;:&quot;classic&quot;}\">\n\t\t\t<div class=\"elementor-widget-wrap elementor-element-populated\">\n\t\t\t\t\t\t<div class=\"elementor-element elementor-element-bd3a1c7 elementor-widget elementor-widget-spacer\" data-id=\"bd3a1c7\" data-element_type=\"widget\" data-e-type=\"widget\" data-widget_type=\"spacer.default\">\n\t\t\t\t<div class=\"elementor-widget-container\">\n\t\t\t\t\t\t\t<div class=\"elementor-spacer\">\n\t\t\t<div class=\"elementor-spacer-inner\"><\/div>\n\t\t<\/div>\n\t\t\t\t\t\t<\/div>\n\t\t\t\t<\/div>\n\t\t\t\t\t<\/div>\n\t\t<\/div>\n\t\t\t\t<div class=\"elementor-column elementor-col-25 elementor-top-column elementor-element elementor-element-48f1d70 elementor-hidden-mobile\" data-id=\"48f1d70\" data-element_type=\"column\" data-e-type=\"column\" data-settings=\"{&quot;background_background&quot;:&quot;classic&quot;}\">\n\t\t\t<div class=\"elementor-widget-wrap elementor-element-populated\">\n\t\t\t\t\t\t<div class=\"elementor-element elementor-element-206a4ba elementor-widget elementor-widget-spacer\" data-id=\"206a4ba\" data-element_type=\"widget\" data-e-type=\"widget\" data-widget_type=\"spacer.default\">\n\t\t\t\t<div class=\"elementor-widget-container\">\n\t\t\t\t\t\t\t<div class=\"elementor-spacer\">\n\t\t\t<div class=\"elementor-spacer-inner\"><\/div>\n\t\t<\/div>\n\t\t\t\t\t\t<\/div>\n\t\t\t\t<\/div>\n\t\t\t\t\t<\/div>\n\t\t<\/div>\n\t\t\t\t\t<\/div>\n\t\t<\/section>\n\t\t\t\t<section data-particle_enable=\"false\" data-particle-mobile-disabled=\"false\" class=\"elementor-section elementor-top-section elementor-element elementor-element-00b5caf elementor-section-boxed elementor-section-height-default elementor-section-height-default\" data-id=\"00b5caf\" data-element_type=\"section\" data-e-type=\"section\">\n\t\t\t\t\t\t<div class=\"elementor-container elementor-column-gap-default\">\n\t\t\t\t\t<div class=\"elementor-column elementor-col-100 elementor-top-column elementor-element elementor-element-c887d0c\" data-id=\"c887d0c\" data-element_type=\"column\" data-e-type=\"column\">\n\t\t\t<div class=\"elementor-widget-wrap elementor-element-populated\">\n\t\t\t\t\t\t<div class=\"elementor-element elementor-element-3ae15a6 elementor-widget elementor-widget-spacer\" data-id=\"3ae15a6\" data-element_type=\"widget\" data-e-type=\"widget\" data-widget_type=\"spacer.default\">\n\t\t\t\t<div class=\"elementor-widget-container\">\n\t\t\t\t\t\t\t<div class=\"elementor-spacer\">\n\t\t\t<div class=\"elementor-spacer-inner\"><\/div>\n\t\t<\/div>\n\t\t\t\t\t\t<\/div>\n\t\t\t\t<\/div>\n\t\t\t\t<div class=\"elementor-element elementor-element-60644e7 elementor-widget elementor-widget-heading\" data-id=\"60644e7\" data-element_type=\"widget\" data-e-type=\"widget\" data-widget_type=\"heading.default\">\n\t\t\t\t<div class=\"elementor-widget-container\">\n\t\t\t\t\t<h2 class=\"elementor-heading-title elementor-size-default\">OBRIGADO!<\/h2>\t\t\t\t<\/div>\n\t\t\t\t<\/div>\n\t\t\t\t<div class=\"elementor-element elementor-element-7aaafd8 elementor-widget elementor-widget-text-editor\" data-id=\"7aaafd8\" data-element_type=\"widget\" data-e-type=\"widget\" data-widget_type=\"text-editor.default\">\n\t\t\t\t<div class=\"elementor-widget-container\">\n\t\t\t\t\t\t\t\t\t<p><span style=\"font-size: 1rem;\">Para receber sua amostra gr\u00e1tis, basta mostrar esta tela de confirma\u00e7\u00e3o a qualquer pessoa dispon\u00edvel <\/span><strong style=\"font-size: 1rem;\">Bom<\/strong><span style=\"font-size: 1rem;\">Um membro da equipe da Cashews.\u00a0<\/span><\/p><p>Depois de saborear os seus cajus gratuitos, fique atento a um e-mail nosso hoje \u00e0 noite com duas perguntas r\u00e1pidas sobre a sua experi\u00eancia com os cajus.<\/p>\t\t\t\t\t\t\t\t<\/div>\n\t\t\t\t<\/div>\n\t\t\t\t<div class=\"elementor-element elementor-element-4d93007 elementor-align-center elementor-widget elementor-widget-button\" data-id=\"4d93007\" data-element_type=\"widget\" data-e-type=\"widget\" data-widget_type=\"button.default\">\n\t\t\t\t<div class=\"elementor-widget-container\">\n\t\t\t\t\t\t\t\t\t<div class=\"elementor-button-wrapper\">\n\t\t\t\t\t<a class=\"elementor-button elementor-button-link elementor-size-sm\" href=\"https:\/\/goodonecashews.com\/pt\/registro-na-asi-2025\/\">\n\t\t\t\t\t\t<span class=\"elementor-button-content-wrapper\">\n\t\t\t\t\t\t\t\t\t<span class=\"elementor-button-text\">RETORNAR \u00c0 TELA ANTERIOR<\/span>\n\t\t\t\t\t<\/span>\n\t\t\t\t\t<\/a>\n\t\t\t\t<\/div>\n\t\t\t\t\t\t\t\t<\/div>\n\t\t\t\t<\/div>\n\t\t\t\t<div class=\"elementor-element elementor-element-4ea2d68 elementor-widget elementor-widget-text-editor\" data-id=\"4ea2d68\" data-element_type=\"widget\" data-e-type=\"widget\" id=\"text-to-copy\" data-widget_type=\"text-editor.default\">\n\t\t\t\t<div class=\"elementor-widget-container\">\n\t\t\t\t\t\t\t\t\t<p>GCSESSION25<\/p>\t\t\t\t\t\t\t\t<\/div>\n\t\t\t\t<\/div>\n\t\t\t\t<div class=\"elementor-element elementor-element-5852cf2 elementor-widget elementor-widget-html\" data-id=\"5852cf2\" data-element_type=\"widget\" data-e-type=\"widget\" data-widget_type=\"html.default\">\n\t\t\t\t<div class=\"elementor-widget-container\">\n\t\t\t\t\t<script>\n    document.addEventListener('DOMContentLoaded', function() {\n      document.getElementById('discount-code').addEventListener('click', function() {\n        var textToCopy = document.getElementById('text-to-copy').innerText;\n        \/\/ Or, if you want to copy from an input field:\n        \/\/ var textToCopy = document.getElementById('text-to-copy').value;\n\n        navigator.clipboard.writeText(textToCopy).then(function() {\n          \/\/ Optional: Show a success message (e.g., using an alert or a custom message)\n          alert('Code copied to clipboard!');\n        }).catch(function(err) {\n          console.error('Failed to copy code: ', err);\n        });\n      });\n    });\n    <\/script>\t\t\t\t<\/div>\n\t\t\t\t<\/div>\n\t\t\t\t\t<\/div>\n\t\t<\/div>\n\t\t\t\t\t<\/div>\n\t\t<\/section>\n\t\t\t\t<\/div>","protected":false},"excerpt":{"rendered":"<p>Obrigado por seu interesse na Goodone Cashews. Use este c\u00f3digo de desconto para obter 10% de desconto em um pacote de nossos deliciosos cajus!<\/p>","protected":false},"author":12,"featured_media":15614,"parent":16957,"menu_order":0,"comment_status":"closed","ping_status":"closed","template":"elementor_canvas","meta":{"_acf_changed":false,"footnotes":""},"class_list":["post-16965","page","type-page","status-publish","has-post-thumbnail","hentry"],"acf":[],"_links":{"self":[{"href":"https:\/\/goodonecashews.com\/pt\/wp-json\/wp\/v2\/pages\/16965","targetHints":{"allow":["GET"]}}],"collection":[{"href":"https:\/\/goodonecashews.com\/pt\/wp-json\/wp\/v2\/pages"}],"about":[{"href":"https:\/\/goodonecashews.com\/pt\/wp-json\/wp\/v2\/types\/page"}],"author":[{"embeddable":true,"href":"https:\/\/goodonecashews.com\/pt\/wp-json\/wp\/v2\/users\/12"}],"replies":[{"embeddable":true,"href":"https:\/\/goodonecashews.com\/pt\/wp-json\/wp\/v2\/comments?post=16965"}],"version-history":[{"count":4,"href":"https:\/\/goodonecashews.com\/pt\/wp-json\/wp\/v2\/pages\/16965\/revisions"}],"predecessor-version":[{"id":16969,"href":"https:\/\/goodonecashews.com\/pt\/wp-json\/wp\/v2\/pages\/16965\/revisions\/16969"}],"up":[{"embeddable":true,"href":"https:\/\/goodonecashews.com\/pt\/wp-json\/wp\/v2\/pages\/16957"}],"wp:featuredmedia":[{"embeddable":true,"href":"https:\/\/goodonecashews.com\/pt\/wp-json\/wp\/v2\/media\/15614"}],"wp:attachment":[{"href":"https:\/\/goodonecashews.com\/pt\/wp-json\/wp\/v2\/media?parent=16965"}],"curies":[{"name":"wp","href":"https:\/\/api.w.org\/{rel}","templated":true}]}}